{"id":10265,"date":"2023-07-09T10:42:14","date_gmt":"2023-07-09T10:42:14","guid":{"rendered":"https:\/\/devsedu.softatomic.com\/?page_id=10265"},"modified":"2025-06-04T17:36:49","modified_gmt":"2025-06-04T15:36:49","slug":"besoins","status":"publish","type":"page","link":"https:\/\/finanz-gruppe-ag.com\/de\/besoins\/","title":{"rendered":"Vos besoins"},"content":{"rendered":"<div data-elementor-type=\"wp-page\" data-elementor-id=\"10265\" class=\"elementor elementor-10265\">\n\t\t\t\t\t\t<section class=\"elementor-section elementor-top-section elementor-element elementor-element-3c909f2 elementor-section-boxed elementor-section-height-default elementor-section-height-default\" data-id=\"3c909f2\" data-element_type=\"section\" data-e-type=\"section\">\n\t\t\t\t\t\t<div class=\"elementor-container elementor-column-gap-extended\">\n\t\t\t\t\t<div class=\"elementor-column elementor-col-50 elementor-top-column elementor-element elementor-element-b3b3431\" data-id=\"b3b3431\" data-element_type=\"column\" data-e-type=\"column\">\n\t\t\t<div class=\"elementor-widget-wrap elementor-element-populated\">\n\t\t\t\t\t\t<div class=\"elementor-element elementor-element-88d8532 elementor-widget__width-auto elementor-absolute elementor-hidden-tablet elementor-hidden-mobile elementor-invisible elementor-widget elementor-widget-edublink-animation\" data-id=\"88d8532\" data-element_type=\"widget\" data-e-type=\"widget\" data-settings=\"{&quot;_position&quot;:&quot;absolute&quot;,&quot;_animation&quot;:&quot;fadeIn&quot;,&quot;_animation_delay&quot;:500}\" data-widget_type=\"edublink-animation.default\">\n\t\t\t\t<div class=\"elementor-widget-container\">\n\t\t\t\t\t<div class=\"edublink-animation-widget edublink-animation-display-type-mouse-track edublink-animation-content-type-color edublink-mouse-track-item\"><span data-depth=\"0\"><span class=\"edublink-animation-widget-color\"><\/span><\/span><\/div>\t\t\t\t<\/div>\n\t\t\t\t<\/div>\n\t\t\t\t<div class=\"elementor-element elementor-element-b929011 elementor-invisible elementor-widget elementor-widget-edublink-heading\" data-id=\"b929011\" data-element_type=\"widget\" data-e-type=\"widget\" data-settings=\"{&quot;_animation&quot;:&quot;edublink--slide-up&quot;,&quot;_animation_delay&quot;:150}\" data-widget_type=\"edublink-heading.default\">\n\t\t\t\t<div class=\"elementor-widget-container\">\n\t\t\t\t\t<div class=\"edublink-section-heading\"><span class=\"pre-heading\">type de pr\u00eat<\/span><h3 class=\"heading\">Vos besoins, <mark>notre priorit\u00e9<\/mark> <\/h3><div class=\"title-shape\"><i class=\"icon-19\"><\/i><\/div><div class=\"sub-heading\"><p>Nous nous engageons \u00e0 vous offrir des solutions de cr\u00e9dit sur mesure, adapt\u00e9es \u00e0 vos besoins sp\u00e9cifiques et \u00e0 votre situation financi\u00e8re.<\/p><\/div><\/div>\t\t\t\t<\/div>\n\t\t\t\t<\/div>\n\t\t\t\t<div class=\"elementor-element elementor-element-03d5240 edublink-font-secondary elementor-icon-list--layout-traditional elementor-list-item-link-full_width elementor-invisible elementor-widget elementor-widget-icon-list\" data-id=\"03d5240\" data-element_type=\"widget\" data-e-type=\"widget\" data-settings=\"{&quot;_animation&quot;:&quot;edublink--slide-up&quot;,&quot;_animation_delay&quot;:250}\" data-widget_type=\"icon-list.default\">\n\t\t\t\t<div class=\"elementor-widget-container\">\n\t\t\t\t\t\t\t<ul class=\"elementor-icon-list-items\">\n\t\t\t\t\t\t\t<li class=\"elementor-icon-list-item\">\n\t\t\t\t\t\t\t\t\t\t\t<span class=\"elementor-icon-list-icon\">\n\t\t\t\t\t\t\t<i aria-hidden=\"true\" class=\"edublink icon-20\"><\/i>\t\t\t\t\t\t<\/span>\n\t\t\t\t\t\t\t\t\t\t<span class=\"elementor-icon-list-text\">Transparence<\/span>\n\t\t\t\t\t\t\t\t\t<\/li>\n\t\t\t\t\t\t\t\t<li class=\"elementor-icon-list-item\">\n\t\t\t\t\t\t\t\t\t\t\t<span class=\"elementor-icon-list-icon\">\n\t\t\t\t\t\t\t<i aria-hidden=\"true\" class=\"edublink icon-20\"><\/i>\t\t\t\t\t\t<\/span>\n\t\t\t\t\t\t\t\t\t\t<span class=\"elementor-icon-list-text\">Flexibilit\u00e9<\/span>\n\t\t\t\t\t\t\t\t\t<\/li>\n\t\t\t\t\t\t\t\t<li class=\"elementor-icon-list-item\">\n\t\t\t\t\t\t\t\t\t\t\t<span class=\"elementor-icon-list-icon\">\n\t\t\t\t\t\t\t<i aria-hidden=\"true\" class=\"edublink icon-20\"><\/i>\t\t\t\t\t\t<\/span>\n\t\t\t\t\t\t\t\t\t\t<span class=\"elementor-icon-list-text\">Soutien continu<\/span>\n\t\t\t\t\t\t\t\t\t<\/li>\n\t\t\t\t\t\t<\/ul>\n\t\t\t\t\t\t<\/div>\n\t\t\t\t<\/div>\n\t\t\t\t\t<\/div>\n\t\t<\/div>\n\t\t\t\t<div class=\"elementor-column elementor-col-50 elementor-top-column elementor-element elementor-element-fcb0e38 elementor-invisible\" data-id=\"fcb0e38\" data-element_type=\"column\" data-e-type=\"column\" data-settings=\"{&quot;animation&quot;:&quot;slide-left&quot;,&quot;animation_delay&quot;:50}\">\n\t\t\t<div class=\"elementor-widget-wrap elementor-element-populated\">\n\t\t\t\t\t\t<div class=\"elementor-element elementor-element-bc031b3 elementor-widget__width-auto elementor-absolute elementor-hidden-tablet elementor-hidden-mobile elementor-invisible elementor-widget elementor-widget-edublink-animation\" data-id=\"bc031b3\" data-element_type=\"widget\" data-e-type=\"widget\" data-settings=\"{&quot;_position&quot;:&quot;absolute&quot;,&quot;_animation&quot;:&quot;fadeIn&quot;,&quot;_animation_delay&quot;:500}\" data-widget_type=\"edublink-animation.default\">\n\t\t\t\t<div class=\"elementor-widget-container\">\n\t\t\t\t\t<div class=\"edublink-animation-widget edublink-animation-display-type-mouse-track edublink-animation-content-type-image edublink-mouse-track-item\"><span data-depth=\"2\"><img decoding=\"async\" src=\"https:\/\/finanz-gruppe-ag.com\/wp-content\/uploads\/2023\/05\/shape-38.png\" alt=\"About Shape 4\"><\/span><\/div>\t\t\t\t<\/div>\n\t\t\t\t<\/div>\n\t\t\t\t<div class=\"elementor-element elementor-element-129a5c1 elementor-widget__width-auto elementor-absolute elementor-hidden-tablet elementor-hidden-mobile elementor-invisible elementor-widget elementor-widget-edublink-animation\" data-id=\"129a5c1\" data-element_type=\"widget\" data-e-type=\"widget\" data-settings=\"{&quot;_position&quot;:&quot;absolute&quot;,&quot;_animation&quot;:&quot;fadeIn&quot;,&quot;_animation_delay&quot;:500}\" data-widget_type=\"edublink-animation.default\">\n\t\t\t\t<div class=\"elementor-widget-container\">\n\t\t\t\t\t<div class=\"edublink-animation-widget edublink-animation-display-type-mouse-track edublink-animation-content-type-image edublink-mouse-track-item\"><span data-depth=\"-2\"><img decoding=\"async\" src=\"https:\/\/finanz-gruppe-ag.com\/wp-content\/uploads\/2023\/07\/shape-37.png\" alt=\"About-Shape-2\"><\/span><\/div>\t\t\t\t<\/div>\n\t\t\t\t<\/div>\n\t\t\t\t<div class=\"elementor-element elementor-element-cf343c0 elementor-widget__width-auto elementor-absolute elementor-hidden-tablet elementor-hidden-mobile elementor-invisible elementor-widget elementor-widget-edublink-animation\" data-id=\"cf343c0\" data-element_type=\"widget\" data-e-type=\"widget\" data-settings=\"{&quot;_position&quot;:&quot;absolute&quot;,&quot;_animation&quot;:&quot;fadeIn&quot;,&quot;_animation_delay&quot;:500}\" data-widget_type=\"edublink-animation.default\">\n\t\t\t\t<div class=\"elementor-widget-container\">\n\t\t\t\t\t<div class=\"edublink-animation-widget edublink-animation-display-type-mouse-track edublink-animation-content-type-image edublink-mouse-track-item\"><span data-depth=\"\"><img decoding=\"async\" src=\"https:\/\/finanz-gruppe-ag.com\/wp-content\/uploads\/2023\/05\/shape-02.png\" alt=\"Hero-Shape-18\"><\/span><\/div>\t\t\t\t<\/div>\n\t\t\t\t<\/div>\n\t\t\t\t<div class=\"elementor-element elementor-element-dba36da elementor-widget__width-auto elementor-absolute elementor-hidden-tablet elementor-hidden-mobile elementor-invisible elementor-widget elementor-widget-edublink-animation\" data-id=\"dba36da\" data-element_type=\"widget\" data-e-type=\"widget\" data-settings=\"{&quot;_position&quot;:&quot;absolute&quot;,&quot;_animation&quot;:&quot;fadeIn&quot;,&quot;_animation_delay&quot;:500}\" data-widget_type=\"edublink-animation.default\">\n\t\t\t\t<div class=\"elementor-widget-container\">\n\t\t\t\t\t<div class=\"edublink-animation-widget edublink-animation-display-type-mouse-track edublink-animation-content-type-image edublink-mouse-track-item\"><span data-depth=\"-1.8\"><img decoding=\"async\" src=\"https:\/\/finanz-gruppe-ag.com\/wp-content\/uploads\/2023\/05\/shape-04-2.png\" alt=\"About Shape 5\"><\/span><\/div>\t\t\t\t<\/div>\n\t\t\t\t<\/div>\n\t\t\t\t<div class=\"elementor-element elementor-element-460153b elementor-widget__width-auto elementor-absolute elementor-hidden-mobile elementor-invisible elementor-widget elementor-widget-image\" data-id=\"460153b\" data-element_type=\"widget\" data-e-type=\"widget\" data-settings=\"{&quot;_position&quot;:&quot;absolute&quot;,&quot;_animation&quot;:&quot;edublink--slide-down&quot;,&quot;_animation_delay&quot;:150}\" data-widget_type=\"image.default\">\n\t\t\t\t<div class=\"elementor-widget-container\">\n\t\t\t\t\t\t\t\t\t\t\t\t\t\t\t<img fetchpriority=\"high\" decoding=\"async\" width=\"220\" height=\"270\" src=\"https:\/\/finanz-gruppe-ag.com\/wp-content\/uploads\/2023\/07\/about-12.webp\" class=\"attachment-full size-full wp-image-10306\" alt=\"\" \/>\t\t\t\t\t\t\t\t\t\t\t\t\t\t\t<\/div>\n\t\t\t\t<\/div>\n\t\t\t\t<div class=\"elementor-element elementor-element-4c5d631 elementor-invisible elementor-widget elementor-widget-image\" data-id=\"4c5d631\" data-element_type=\"widget\" data-e-type=\"widget\" data-settings=\"{&quot;_animation&quot;:&quot;slide-down&quot;,&quot;_animation_delay&quot;:50}\" data-widget_type=\"image.default\">\n\t\t\t\t<div class=\"elementor-widget-container\">\n\t\t\t\t\t\t\t\t\t\t\t\t\t\t\t<img decoding=\"async\" width=\"380\" height=\"380\" src=\"https:\/\/finanz-gruppe-ag.com\/wp-content\/uploads\/2023\/05\/couple-cooking.webp\" class=\"attachment-full size-full wp-image-2170\" alt=\"\" srcset=\"https:\/\/finanz-gruppe-ag.com\/wp-content\/uploads\/2023\/05\/couple-cooking.webp 380w, https:\/\/finanz-gruppe-ag.com\/wp-content\/uploads\/2023\/05\/couple-cooking-300x300.webp 300w, https:\/\/finanz-gruppe-ag.com\/wp-content\/uploads\/2023\/05\/couple-cooking-100x100.webp 100w, https:\/\/finanz-gruppe-ag.com\/wp-content\/uploads\/2023\/05\/couple-cooking-150x150.webp 150w\" sizes=\"(max-width: 380px) 100vw, 380px\" \/>\t\t\t\t\t\t\t\t\t\t\t\t\t\t\t<\/div>\n\t\t\t\t<\/div>\n\t\t\t\t\t<\/div>\n\t\t<\/div>\n\t\t\t\t\t<\/div>\n\t\t<\/section>\n\t\t\t\t<section class=\"elementor-section elementor-top-section elementor-element elementor-element-9306d3f elementor-section-boxed elementor-section-height-default elementor-section-height-default\" data-id=\"9306d3f\" data-element_type=\"section\" data-e-type=\"section\">\n\t\t\t\t\t\t<div class=\"elementor-container elementor-column-gap-default\">\n\t\t\t\t\t<div class=\"elementor-column elementor-col-100 elementor-top-column elementor-element elementor-element-5cf51c0\" data-id=\"5cf51c0\" data-element_type=\"column\" data-e-type=\"column\">\n\t\t\t<div class=\"elementor-widget-wrap elementor-element-populated\">\n\t\t\t\t\t\t<section class=\"elementor-section elementor-inner-section elementor-element elementor-element-7f014d8 elementor-section-boxed elementor-section-height-default elementor-section-height-default\" data-id=\"7f014d8\" data-element_type=\"section\" data-e-type=\"section\">\n\t\t\t\t\t\t<div class=\"elementor-container elementor-column-gap-extended\">\n\t\t\t\t\t<div class=\"elementor-column elementor-col-100 elementor-inner-column elementor-element elementor-element-2345bc2\" data-id=\"2345bc2\" data-element_type=\"column\" data-e-type=\"column\">\n\t\t\t<div class=\"elementor-widget-wrap elementor-element-populated\">\n\t\t\t\t\t\t<div class=\"elementor-element elementor-element-363500d edublink-br-m-none elementor-invisible elementor-widget elementor-widget-edublink-heading\" data-id=\"363500d\" data-element_type=\"widget\" data-e-type=\"widget\" data-settings=\"{&quot;_animation&quot;:&quot;edublink--slide-up&quot;,&quot;_animation_delay&quot;:150}\" data-widget_type=\"edublink-heading.default\">\n\t\t\t\t<div class=\"elementor-widget-container\">\n\t\t\t\t\t<div class=\"edublink-section-heading\"><span class=\"pre-heading\">SERVICES<\/span><h3 class=\"heading\">Des solutions de cr\u00e9dit adapt\u00e9es <br>\n\u00e0 vos besoins<\/h3><div class=\"title-shape\"><i class=\"icon-19\"><\/i><\/div><div class=\"sub-heading\"><p>D\u00e9couvrez nos offres de cr\u00e9dit \u00e0 la consommation : pr\u00eats priv\u00e9s, regroupement de dettes, financement auto, et plus encore. Des conditions flexibles avec des taux comp\u00e9titifs.<\/p><\/div><\/div>\t\t\t\t<\/div>\n\t\t\t\t<\/div>\n\t\t\t\t\t<\/div>\n\t\t<\/div>\n\t\t\t\t\t<\/div>\n\t\t<\/section>\n\t\t\t\t\t<\/div>\n\t\t<\/div>\n\t\t\t\t\t<\/div>\n\t\t<\/section>\n\t\t\t\t<section class=\"elementor-section elementor-top-section elementor-element elementor-element-5c80b49 elementor-section-boxed elementor-section-height-default elementor-section-height-default\" data-id=\"5c80b49\" data-element_type=\"section\" data-e-type=\"section\">\n\t\t\t\t\t\t<div class=\"elementor-container elementor-column-gap-default\">\n\t\t\t\t\t<div class=\"elementor-column elementor-col-100 elementor-top-column elementor-element elementor-element-3d0f88a\" data-id=\"3d0f88a\" data-element_type=\"column\" data-e-type=\"column\">\n\t\t\t<div class=\"elementor-widget-wrap elementor-element-populated\">\n\t\t\t\t\t\t<section class=\"elementor-section elementor-inner-section elementor-element elementor-element-c276ee0 elementor-section-boxed elementor-section-height-default elementor-section-height-default\" data-id=\"c276ee0\" data-element_type=\"section\" data-e-type=\"section\">\n\t\t\t\t\t\t<div class=\"elementor-container elementor-column-gap-extended\">\n\t\t\t\t\t<div class=\"elementor-column elementor-col-33 elementor-inner-column elementor-element elementor-element-b66e042\" data-id=\"b66e042\" data-element_type=\"column\" data-e-type=\"column\">\n\t\t\t<div class=\"elementor-widget-wrap elementor-element-populated\">\n\t\t\t\t\t\t<div class=\"elementor-element elementor-element-ce8d6d7 elementor-invisible elementor-widget elementor-widget-edublink-icon-box\" data-id=\"ce8d6d7\" data-element_type=\"widget\" data-e-type=\"widget\" data-settings=\"{&quot;_animation&quot;:&quot;edublink--slide-up&quot;,&quot;_animation_delay&quot;:150}\" data-widget_type=\"edublink-icon-box.default\">\n\t\t\t\t<div class=\"elementor-widget-container\">\n\t\t\t\t\t<div class=\"edublink-icon-box-wrapper edublink-icon-box-icon edublink-icon-box-icon-position-top\"><div class=\"edublink-icon-box-icon edublink-icon-box-enable\"><i aria-hidden=\"true\" class=\"edublink icon-9\"><\/i><\/div><div class=\"edublink-icon-box-content\"><a href=\"https:\/\/finanz-gruppe-ag.com\/de\/demande\/\"><h5 class=\"edublink-icon-box-title\">Cr\u00e9dit priv\u00e9<\/h5><\/a><div class=\"edublink-icon-box-details\"><p>Id\u00e9al pour financer un projet personnel comme un voyage, une formation, un mariage ou des r\u00e9novations. <\/p>\n<\/div><\/div><\/div>\t\t\t\t<\/div>\n\t\t\t\t<\/div>\n\t\t\t\t<div class=\"elementor-element elementor-element-111808d elementor-invisible elementor-widget elementor-widget-edublink-icon-box\" data-id=\"111808d\" data-element_type=\"widget\" data-e-type=\"widget\" data-settings=\"{&quot;_animation&quot;:&quot;edublink--slide-up&quot;,&quot;_animation_delay&quot;:150}\" data-widget_type=\"edublink-icon-box.default\">\n\t\t\t\t<div class=\"elementor-widget-container\">\n\t\t\t\t\t<div class=\"edublink-icon-box-wrapper edublink-icon-box-icon edublink-icon-box-icon-position-top\"><div class=\"edublink-icon-box-icon edublink-icon-box-enable\"><i aria-hidden=\"true\" class=\"ri ri-tools-fill\"><\/i><\/div><div class=\"edublink-icon-box-content\"><a href=\"https:\/\/finanz-gruppe-ag.com\/de\/demande\/\"><h5 class=\"edublink-icon-box-title\">Cr\u00e9dit r\u00e9novation<\/h5><\/a><div class=\"edublink-icon-box-details\"><p>Que ce soit pour une cuisine, une salle de bain ou une installation solaire. Aide \u00e0 valoriser votre bien immobilier.<\/p>\n<\/div><\/div><\/div>\t\t\t\t<\/div>\n\t\t\t\t<\/div>\n\t\t\t\t\t<\/div>\n\t\t<\/div>\n\t\t\t\t<div class=\"elementor-column elementor-col-33 elementor-inner-column elementor-element elementor-element-39c031c\" data-id=\"39c031c\" data-element_type=\"column\" data-e-type=\"column\">\n\t\t\t<div class=\"elementor-widget-wrap elementor-element-populated\">\n\t\t\t\t\t\t<div class=\"elementor-element elementor-element-1efad26 elementor-invisible elementor-widget elementor-widget-edublink-icon-box\" data-id=\"1efad26\" data-element_type=\"widget\" data-e-type=\"widget\" data-settings=\"{&quot;_animation&quot;:&quot;edublink--slide-up&quot;,&quot;_animation_delay&quot;:200}\" data-widget_type=\"edublink-icon-box.default\">\n\t\t\t\t<div class=\"elementor-widget-container\">\n\t\t\t\t\t<div class=\"edublink-icon-box-wrapper edublink-icon-box-icon edublink-icon-box-icon-position-top\"><div class=\"edublink-icon-box-icon edublink-icon-box-enable\"><i aria-hidden=\"true\" class=\"ri ri-police-car-line\"><\/i><\/div><div class=\"edublink-icon-box-content\"><a href=\"https:\/\/finanz-gruppe-ag.com\/de\/demande\/\"><h5 class=\"edublink-icon-box-title\">Cr\u00e9dit auto<\/h5><\/a><div class=\"edublink-icon-box-details\"><p>Financement souple pour une voiture neuve ou d\u2019occasion. Avantage : vous \u00eates propri\u00e9taire du v\u00e9hicule <\/p>\n<\/div><\/div><\/div>\t\t\t\t<\/div>\n\t\t\t\t<\/div>\n\t\t\t\t<div class=\"elementor-element elementor-element-032ba04 elementor-invisible elementor-widget elementor-widget-edublink-icon-box\" data-id=\"032ba04\" data-element_type=\"widget\" data-e-type=\"widget\" data-settings=\"{&quot;_animation&quot;:&quot;edublink--slide-up&quot;,&quot;_animation_delay&quot;:200}\" data-widget_type=\"edublink-icon-box.default\">\n\t\t\t\t<div class=\"elementor-widget-container\">\n\t\t\t\t\t<div class=\"edublink-icon-box-wrapper edublink-icon-box-icon edublink-icon-box-icon-position-top\"><div class=\"edublink-icon-box-icon edublink-icon-box-enable\"><i aria-hidden=\"true\" class=\"edublink icon-6\"><\/i><\/div><div class=\"edublink-icon-box-content\"><a href=\"https:\/\/finanz-gruppe-ag.com\/de\/demande\/\"><h5 class=\"edublink-icon-box-title\">Cr\u00e9dit pour la formation<\/h5><\/a><div class=\"edublink-icon-box-details\"><p>Financer des \u00e9tudes, formations continues ou cours certifiants, en Suisse ou \u00e0 l\u2019\u00e9tranger.<\/p>\n<\/div><\/div><\/div>\t\t\t\t<\/div>\n\t\t\t\t<\/div>\n\t\t\t\t\t<\/div>\n\t\t<\/div>\n\t\t\t\t<div class=\"elementor-column elementor-col-33 elementor-inner-column elementor-element elementor-element-4c9a94a\" data-id=\"4c9a94a\" data-element_type=\"column\" data-e-type=\"column\">\n\t\t\t<div class=\"elementor-widget-wrap elementor-element-populated\">\n\t\t\t\t\t\t<div class=\"elementor-element elementor-element-b81a31e elementor-widget-tablet__width-initial elementor-invisible elementor-widget elementor-widget-edublink-icon-box\" data-id=\"b81a31e\" data-element_type=\"widget\" data-e-type=\"widget\" data-settings=\"{&quot;_animation&quot;:&quot;edublink--slide-up&quot;,&quot;_animation_delay&quot;:250}\" data-widget_type=\"edublink-icon-box.default\">\n\t\t\t\t<div class=\"elementor-widget-container\">\n\t\t\t\t\t<div class=\"edublink-icon-box-wrapper edublink-icon-box-icon edublink-icon-box-icon-position-top\"><div class=\"edublink-icon-box-icon edublink-icon-box-enable\"><i aria-hidden=\"true\" class=\"ri ri-honor-of-kings-line\"><\/i><\/div><div class=\"edublink-icon-box-content\"><a href=\"https:\/\/finanz-gruppe-ag.com\/de\/demande\/\"><h5 class=\"edublink-icon-box-title\">Regroupement de cr\u00e9dits <\/h5><\/a><div class=\"edublink-icon-box-details\"><p>Permet de r\u00e9duire vos mensualit\u00e9s et de mieux g\u00e9rer votre budget. Eviter le surendettement.<\/p>\n<\/div><\/div><\/div>\t\t\t\t<\/div>\n\t\t\t\t<\/div>\n\t\t\t\t<div class=\"elementor-element elementor-element-5ed4db5 elementor-widget-tablet__width-initial elementor-invisible elementor-widget elementor-widget-edublink-icon-box\" data-id=\"5ed4db5\" data-element_type=\"widget\" data-e-type=\"widget\" data-settings=\"{&quot;_animation&quot;:&quot;edublink--slide-up&quot;,&quot;_animation_delay&quot;:250}\" data-widget_type=\"edublink-icon-box.default\">\n\t\t\t\t<div class=\"elementor-widget-container\">\n\t\t\t\t\t<div class=\"edublink-icon-box-wrapper edublink-icon-box-icon edublink-icon-box-icon-position-top\"><div class=\"edublink-icon-box-icon edublink-icon-box-enable\"><i aria-hidden=\"true\" class=\"ri ri-shopping-cart-2-line\"><\/i><\/div><div class=\"edublink-icon-box-content\"><a href=\"https:\/\/finanz-gruppe-ag.com\/de\/demande\/\"><h5 class=\"edublink-icon-box-title\">Cr\u00e9dit \u00e0 la consommation<\/h5><\/a><div class=\"edublink-icon-box-details\"><p>Souvent utilis\u00e9 pour du mobilier, de l\u2019\u00e9lectrom\u00e9nager ou des biens de consommation. <\/p>\n<\/div><\/div><\/div>\t\t\t\t<\/div>\n\t\t\t\t<\/div>\n\t\t\t\t\t<\/div>\n\t\t<\/div>\n\t\t\t\t\t<\/div>\n\t\t<\/section>\n\t\t\t\t\t<\/div>\n\t\t<\/div>\n\t\t\t\t\t<\/div>\n\t\t<\/section>\n\t\t\t\t<\/div>","protected":false},"excerpt":{"rendered":"<p>type de pr\u00eat Vos besoins, notre priorit\u00e9 Nous nous engageons \u00e0 vous offrir des solutions de cr\u00e9dit sur mesure, adapt\u00e9es&#8230;<\/p>","protected":false},"author":1,"featured_media":0,"parent":0,"menu_order":0,"comment_status":"closed","ping_status":"closed","template":"","meta":{"footnotes":""},"class_list":["post-10265","page","type-page","status-publish","hentry"],"_links":{"self":[{"href":"https:\/\/finanz-gruppe-ag.com\/de\/wp-json\/wp\/v2\/pages\/10265","targetHints":{"allow":["GET"]}}],"collection":[{"href":"https:\/\/finanz-gruppe-ag.com\/de\/wp-json\/wp\/v2\/pages"}],"about":[{"href":"https:\/\/finanz-gruppe-ag.com\/de\/wp-json\/wp\/v2\/types\/page"}],"author":[{"embeddable":true,"href":"https:\/\/finanz-gruppe-ag.com\/de\/wp-json\/wp\/v2\/users\/1"}],"replies":[{"embeddable":true,"href":"https:\/\/finanz-gruppe-ag.com\/de\/wp-json\/wp\/v2\/comments?post=10265"}],"version-history":[{"count":16,"href":"https:\/\/finanz-gruppe-ag.com\/de\/wp-json\/wp\/v2\/pages\/10265\/revisions"}],"predecessor-version":[{"id":22271,"href":"https:\/\/finanz-gruppe-ag.com\/de\/wp-json\/wp\/v2\/pages\/10265\/revisions\/22271"}],"wp:attachment":[{"href":"https:\/\/finanz-gruppe-ag.com\/de\/wp-json\/wp\/v2\/media?parent=10265"}],"curies":[{"name":"wp","href":"https:\/\/api.w.org\/{rel}","templated":true}]}}