{"id":10409,"date":"2023-07-09T14:39:28","date_gmt":"2023-07-09T14:39:28","guid":{"rendered":"https:\/\/devsedu.softatomic.com\/?page_id=10409"},"modified":"2025-06-05T14:44:14","modified_gmt":"2025-06-05T12:44:14","slug":"avis","status":"publish","type":"page","link":"https:\/\/finanz-gruppe-ag.com\/de\/avis\/","title":{"rendered":"Avis clients"},"content":{"rendered":"<div data-elementor-type=\"wp-page\" data-elementor-id=\"10409\" class=\"elementor elementor-10409\">\n\t\t\t\t<div class=\"elementor-element elementor-element-f2228d2 e-flex e-con-boxed e-con e-parent\" data-id=\"f2228d2\" data-element_type=\"container\" data-e-type=\"container\">\n\t\t\t\t\t<div class=\"e-con-inner\">\n\t\t\t\t<div class=\"elementor-element elementor-element-2d18631 elementor-widget elementor-widget-spacer\" data-id=\"2d18631\" data-element_type=\"widget\" data-e-type=\"widget\" data-widget_type=\"spacer.default\">\n\t\t\t\t<div class=\"elementor-widget-container\">\n\t\t\t\t\t\t\t<div class=\"elementor-spacer\">\n\t\t\t<div class=\"elementor-spacer-inner\"><\/div>\n\t\t<\/div>\n\t\t\t\t\t\t<\/div>\n\t\t\t\t<\/div>\n\t\t\t\t\t<\/div>\n\t\t\t\t<\/div>\n\t\t\t\t<section class=\"elementor-section elementor-top-section elementor-element elementor-element-0674273 elementor-section-content-middle elementor-section-boxed elementor-section-height-default elementor-section-height-default\" data-id=\"0674273\" data-element_type=\"section\" data-e-type=\"section\">\n\t\t\t\t\t\t<div class=\"elementor-container elementor-column-gap-extended\">\n\t\t\t\t\t<div class=\"elementor-column elementor-col-100 elementor-top-column elementor-element elementor-element-02d7a35\" data-id=\"02d7a35\" data-element_type=\"column\" data-e-type=\"column\">\n\t\t\t<div class=\"elementor-widget-wrap elementor-element-populated\">\n\t\t\t\t\t\t<div class=\"elementor-element elementor-element-6667f76 elementor-widget elementor-widget-edublink-testimonial\" data-id=\"6667f76\" data-element_type=\"widget\" data-e-type=\"widget\" data-widget_type=\"edublink-testimonial.default\">\n\t\t\t\t<div class=\"elementor-widget-container\">\n\t\t\t\t\t<div class=\"eb-testimonial-wrapper eb-testimonial-wrapper-style-card-1\"><div class=\"eb-testimonial eb-testimonial-style-card-1\"><div class=\"testimonial-card-wrapper\"><div class=\"testimonial-card-item\"><div class=\"eb-testimonial-item elementor-repeater-item-76ca1dd\"><div class=\"eb-testimonial-slide\"><div class=\"content\"><div class=\"rating-icon\"><i class=\"icon-23\"><\/i><i class=\"icon-23\"><\/i><i class=\"icon-23\"><\/i><i class=\"icon-23\"><\/i><i class=\"icon-23\"><\/i><\/div><p class=\"description\">\"J'avais besoin d'un cr\u00e9dit personnel pour r\u00e9nover ma maison, et j'ai \u00e9t\u00e9 agr\u00e9ablement surpris par la rapidit\u00e9 avec laquelle ma demande a \u00e9t\u00e9 trait\u00e9e. En moins de 24 heures, j'ai re\u00e7u une offre adapt\u00e9e \u00e0 mes besoins. Tr\u00e8s satisfait de l'accompagnement !\"<\/p><div class=\"author-info\"><div class=\"info\"><h5 class=\"title\">Julie M., Lausanne<\/h5><\/div><\/div><\/div><\/div><\/div><\/div><div class=\"testimonial-card-item\"><div class=\"eb-testimonial-item elementor-repeater-item-f39b7d1\"><div class=\"eb-testimonial-slide\"><div class=\"content\"><div class=\"rating-icon\"><i class=\"icon-23\"><\/i><i class=\"icon-23\"><\/i><i class=\"icon-23\"><\/i><i class=\"icon-23\"><\/i><i class=\"icon-23\"><\/i><\/div><p class=\"description\">\"J'ai compar\u00e9 plusieurs offres avant de faire ma demande, et celle de DSDB FINANCE \u00e9tait la plus avantageuse. Ce qui m'a vraiment convaincu, c\u2019est la transparence des informations et le soutien constant de leur \u00e9quipe. Je recommande sans h\u00e9siter.\"<\/p><div class=\"author-info\"><div class=\"info\"><h5 class=\"title\">Pierre L., Gen\u00e8ve<\/h5><\/div><\/div><\/div><\/div><\/div><\/div><div class=\"testimonial-card-item\"><div class=\"eb-testimonial-item elementor-repeater-item-4015e78\"><div class=\"eb-testimonial-slide\"><div class=\"content\"><div class=\"rating-icon\"><i class=\"icon-23\"><\/i><i class=\"icon-23\"><\/i><i class=\"icon-23\"><\/i><i class=\"icon-23\"><\/i><i class=\"icon-23\"><\/i><\/div><p class=\"description\">\"L'achat de ma premi\u00e8re maison \u00e9tait un r\u00eave, mais aussi un casse-t\u00eate financier. Gr\u00e2ce \u00e0 DSDB Finance, j\u2019ai pu obtenir une hypoth\u00e8que avec un taux fixe avantageux, et toute l\u2019\u00e9quipe m\u2019a aid\u00e9 \u00e0 comprendre chaque \u00e9tape. Je me sens enfin chez moi !\"<\/p><div class=\"author-info\"><div class=\"info\"><h5 class=\"title\">Caroline R., Zurich<\/h5><span class=\"subtitle\"> Caroline R., Zuric<\/span><\/div><\/div><\/div><\/div><\/div><\/div><div class=\"testimonial-card-item\"><div class=\"eb-testimonial-item elementor-repeater-item-849f7a6\"><div class=\"eb-testimonial-slide\"><div class=\"content\"><div class=\"rating-icon\"><i class=\"icon-23\"><\/i><i class=\"icon-23\"><\/i><i class=\"icon-23\"><\/i><i class=\"icon-23\"><\/i><i class=\"icon-23\"><\/i><\/div><p class=\"description\">\"En tant qu'ind\u00e9pendant, il est souvent difficile de trouver un pr\u00eat adapt\u00e9. Gr\u00e2ce \u00e0 DSDB Finance, j'ai pu obtenir le financement n\u00e9cessaire pour d\u00e9velopper mon activit\u00e9. L'\u00e9quipe a \u00e9t\u00e9 \u00e0 l'\u00e9coute de mes besoins sp\u00e9cifiques et a su me guider efficacement.\"<\/p><div class=\"author-info\"><div class=\"info\"><h5 class=\"title\">Thomas D., Neuch\u00e2tel<\/h5><\/div><\/div><\/div><\/div><\/div><\/div><div class=\"testimonial-card-item\"><div class=\"eb-testimonial-item elementor-repeater-item-9e88a68\"><div class=\"eb-testimonial-slide\"><div class=\"content\"><div class=\"rating-icon\"><i class=\"icon-23\"><\/i><i class=\"icon-23\"><\/i><i class=\"icon-23\"><\/i><i class=\"icon-23\"><\/i><i class=\"icon-23\"><\/i><\/div><p class=\"description\">\"J'ai eu une situation impr\u00e9vu avec la perte d'un emploi, et j'ai d\u00fb restructurer mes cr\u00e9dits. Gr\u00e2ce \u00e0 DSDB Finance, j'ai pu regrouper mes pr\u00eats et r\u00e9duire mes mensualit\u00e9s. Une vraie bouff\u00e9e d'air !\"<\/p><div class=\"author-info\"><div class=\"info\"><h5 class=\"title\">Sophie T., B\u00e2le<\/h5><\/div><\/div><\/div><\/div><\/div><\/div><div class=\"testimonial-card-item\"><div class=\"eb-testimonial-item elementor-repeater-item-1cea814\"><div class=\"eb-testimonial-slide\"><div class=\"content\"><div class=\"rating-icon\"><i class=\"icon-23\"><\/i><i class=\"icon-23\"><\/i><i class=\"icon-23\"><\/i><i class=\"icon-23\"><\/i><i class=\"icon-23\"><\/i><\/div><p class=\"description\">\"J'avais besoin d'un pr\u00eat pour financer des \u00e9tudes, et tout s'est d\u00e9roul\u00e9 en quelques clics. Le site est tr\u00e8s intuitif et le service client a \u00e9t\u00e9 super r\u00e9actif. Je recommande vivement !\"<\/p><div class=\"author-info\"><div class=\"info\"><h5 class=\"title\">David K., Fribourg<\/h5><\/div><\/div><\/div><\/div><\/div><\/div><\/div><\/div><\/div>\t\t\t\t<\/div>\n\t\t\t\t<\/div>\n\t\t\t\t\t<\/div>\n\t\t<\/div>\n\t\t\t\t\t<\/div>\n\t\t<\/section>\n\t\t<div class=\"elementor-element elementor-element-21745ff e-flex e-con-boxed e-con e-parent\" data-id=\"21745ff\" data-element_type=\"container\" data-e-type=\"container\">\n\t\t\t\t\t<div class=\"e-con-inner\">\n\t\t\t\t<div class=\"elementor-element elementor-element-26c15a8 elementor-invisible elementor-widget elementor-widget-edublink-button\" data-id=\"26c15a8\" data-element_type=\"widget\" data-e-type=\"widget\" data-settings=\"{&quot;_animation&quot;:&quot;edublink--slide-up&quot;,&quot;_animation_delay&quot;:160}\" data-widget_type=\"edublink-button.default\">\n\t\t\t\t<div class=\"elementor-widget-container\">\n\t\t\t\t\t<div class=\"edublink-button-widget-wrapper\"><a class=\"edublink-button-item edublink-button-style-default edublink-button-size-large edublink-button-icon-position-after default-style\" href=\"https:\/\/finanz-gruppe-ag.com\/de\/demande\/\">Demander un cr\u00e9dit<i class=\"icon-4\"><\/i><\/a><\/div>\t\t\t\t<\/div>\n\t\t\t\t<\/div>\n\t\t\t\t\t<\/div>\n\t\t\t\t<\/div>\n\t\t\t\t<\/div>","protected":false},"excerpt":{"rendered":"<p>&#8220;J&#8217;avais besoin d&#8217;un cr\u00e9dit personnel pour r\u00e9nover ma maison, et j&#8217;ai \u00e9t\u00e9 agr\u00e9ablement surpris par la rapidit\u00e9 avec laquelle ma&#8230;<\/p>","protected":false},"author":1,"featured_media":0,"parent":0,"menu_order":0,"comment_status":"closed","ping_status":"closed","template":"","meta":{"footnotes":""},"class_list":["post-10409","page","type-page","status-publish","hentry"],"_links":{"self":[{"href":"https:\/\/finanz-gruppe-ag.com\/de\/wp-json\/wp\/v2\/pages\/10409","targetHints":{"allow":["GET"]}}],"collection":[{"href":"https:\/\/finanz-gruppe-ag.com\/de\/wp-json\/wp\/v2\/pages"}],"about":[{"href":"https:\/\/finanz-gruppe-ag.com\/de\/wp-json\/wp\/v2\/types\/page"}],"author":[{"embeddable":true,"href":"https:\/\/finanz-gruppe-ag.com\/de\/wp-json\/wp\/v2\/users\/1"}],"replies":[{"embeddable":true,"href":"https:\/\/finanz-gruppe-ag.com\/de\/wp-json\/wp\/v2\/comments?post=10409"}],"version-history":[{"count":20,"href":"https:\/\/finanz-gruppe-ag.com\/de\/wp-json\/wp\/v2\/pages\/10409\/revisions"}],"predecessor-version":[{"id":22318,"href":"https:\/\/finanz-gruppe-ag.com\/de\/wp-json\/wp\/v2\/pages\/10409\/revisions\/22318"}],"wp:attachment":[{"href":"https:\/\/finanz-gruppe-ag.com\/de\/wp-json\/wp\/v2\/media?parent=10409"}],"curies":[{"name":"wp","href":"https:\/\/api.w.org\/{rel}","templated":true}]}}